{"id":14,"date":"2020-04-24T11:43:11","date_gmt":"2020-04-24T11:43:11","guid":{"rendered":"https:\/\/hipertecnoar.com.br\/?page_id=14"},"modified":"2025-08-26T13:13:40","modified_gmt":"2025-08-26T13:13:40","slug":"a-tecnoar","status":"publish","type":"page","link":"https:\/\/hipertecnoar.com.br\/?page_id=14","title":{"rendered":"A Tecnoar"},"content":{"rendered":"<p>[vc_row full_width=&#8221;stretch_row&#8221; bg_type=&#8221;image&#8221; parallax_style=&#8221;vcpb-default&#8221; bg_image_new=&#8221;id^116|url^https:\/\/hipertecnoar.com.br\/wp-content\/uploads\/2020\/04\/quem-somos-bg.jpg|caption^null|alt^null|title^quem-somos-bg|description^null&#8221; bg_image_repeat=&#8221;no-repeat&#8221;][vc_column width=&#8221;1\/6&#8243;][\/vc_column][vc_column width=&#8221;4\/6&#8243;][vc_single_image image=&#8221;214&#8243; img_size=&#8221;full&#8221; alignment=&#8221;center&#8221; lazy_loading=&#8221;true&#8221;][vc_column_text el_class=&#8221;banner-text&#8221; css=&#8221;.vc_custom_1589481916411{padding-bottom: 50px !important;}&#8221;]<span style=\"font-weight: 400;\">A Tecnoar atua h\u00e1 mais de 20 anos na fabrica\u00e7\u00e3o de Spools, Suportes e tamb\u00e9m no mercado de Loca\u00e7\u00e3o de Equipamentos Industriais. Conta com uma equipe altamente qualificada e especializada, tamb\u00e9m possui uma grande estrutura equipada com maquin\u00e1rio sofisticado, de ultima gera\u00e7\u00e3o.\u00a0<\/span><\/p>\n<p>&nbsp;<\/p>\n<p><span style=\"font-weight: 400;\">Como prestadora de servi\u00e7os, atende com pontualidade e efetividade, grandes empresas das mais variadas \u00e1reas da ind\u00fastria nacional.<\/span>[\/vc_column_text][\/vc_column][vc_column width=&#8221;1\/6&#8243;][\/vc_column][\/vc_row][vc_row css=&#8221;.vc_custom_1589484725227{margin-bottom: 80px !important;}&#8221;][vc_column][vc_column_text el_class=&#8221;header-text&#8221;]QUEM SOMOS[\/vc_column_text][vc_column_text el_class=&#8221;content-text&#8221; css=&#8221;.vc_custom_1756214012250{margin-bottom: 100px !important;}&#8221;]<\/p>\n<p><span style=\"font-weight: 400;\">Possu\u00edmos expertise para atender a clientes das mais variadas \u00e1reas da ind\u00fastria nacional. Nossas solu\u00e7\u00f5es entregam alto valor agregado aos neg\u00f3cios dos nossos clientes, garantindo produtividade, seguran\u00e7a e confiabilidade para aplica\u00e7\u00f5es e processos industriais.<\/span><\/p>\n<p>&nbsp;<\/p>\n<p>[\/vc_column_text][vc_row_inner content_placement=&#8221;top&#8221; css=&#8221;.vc_custom_1589484120335{background-color: #f8f9fa !important;}&#8221; el_class=&#8221;valores&#8221;][vc_column_inner el_class=&#8221;valores-item&#8221; width=&#8221;1\/4&#8243;][vc_icon icon_fontawesome=&#8221;far fa-eye&#8221; color=&#8221;black&#8221; background_style=&#8221;rounded&#8221; align=&#8221;center&#8221;][vc_column_text el_class=&#8221;valores-text&#8221;]<\/p>\n<h4 style=\"text-align: center;\">Nossa Vis\u00e3o<\/h4>\n<p style=\"text-align: center;\"><span style=\"font-weight: 400;\">Ser uma grande for\u00e7a no mercado nacional de Fabrica\u00e7\u00e3o de Estruturas, entregando solu\u00e7\u00f5es com excel\u00eancia.<\/span><\/p>\n<p>[\/vc_column_text][\/vc_column_inner][vc_column_inner el_class=&#8221;valores-item&#8221; width=&#8221;1\/4&#8243;][vc_icon icon_fontawesome=&#8221;fas fa-bullseye&#8221; color=&#8221;black&#8221; background_style=&#8221;rounded&#8221; align=&#8221;center&#8221;][vc_column_text el_class=&#8221;valores-text&#8221;]<\/p>\n<h4 style=\"text-align: center;\">Nossa Miss\u00e3o<\/h4>\n<p style=\"text-align: center;\"><span style=\"font-weight: 400;\">Desenvolver, fabricar e fornecer equipamentos e solu\u00e7\u00f5es industriais gerando valor para o cliente.<\/span><\/p>\n<p>[\/vc_column_text][\/vc_column_inner][vc_column_inner el_class=&#8221;valores-item&#8221; width=&#8221;1\/4&#8243;][vc_icon icon_fontawesome=&#8221;far fa-lightbulb&#8221; color=&#8221;black&#8221; background_style=&#8221;rounded&#8221; align=&#8221;center&#8221;][vc_column_text el_class=&#8221;valores-text&#8221;]<\/p>\n<h4 style=\"text-align: center;\">Nosso Neg\u00f3cio<\/h4>\n<p style=\"text-align: center;\"><span style=\"font-weight: 400;\">Entregar solu\u00e7\u00f5es que proporcionem produtividade e competitividade buscando reconhecimento e fideliza\u00e7\u00e3o.<\/span><\/p>\n<p>[\/vc_column_text][\/vc_column_inner][vc_column_inner el_class=&#8221;valores-item&#8221; width=&#8221;1\/4&#8243;][vc_icon icon_fontawesome=&#8221;fas fa-flag&#8221; color=&#8221;black&#8221; background_style=&#8221;rounded&#8221; align=&#8221;center&#8221;][vc_column_text el_class=&#8221;valores-text&#8221;]<\/p>\n<h4 style=\"text-align: center;\">Nossos Valores<\/h4>\n<p style=\"text-align: center;\"><span style=\"font-weight: 400;\">Foco no Cliente | Compet\u00eancia | Integridade | Qualidade | Gera\u00e7\u00e3o de Valor<\/span><\/p>\n<p>[\/vc_column_text][\/vc_column_inner][\/vc_row_inner][\/vc_column][\/vc_row][vc_row equal_height=&#8221;yes&#8221; content_placement=&#8221;middle&#8221;][vc_column width=&#8221;2\/3&#8243;][vc_single_image image=&#8221;127&#8243; img_size=&#8221;full&#8221; alignment=&#8221;center&#8221; lazy_loading=&#8221;true&#8221; el_id=&#8221;galpao&#8221;][vc_single_image image=&#8221;126&#8243; img_size=&#8221;full&#8221; alignment=&#8221;center&#8221; lazy_loading=&#8221;true&#8221; el_id=&#8221;vector&#8221;][\/vc_column][vc_column width=&#8221;1\/3&#8243;][vc_column_text el_class=&#8221;content-text&#8221;]Estrategicamente situada em Sapucaia do Sul, regi\u00e3o metropolitana de Porto Alegre, a Tecnoar disp\u00f5e de uma \u00e1rea total de 20.000m2. Faz uso de processos log\u00edsticos otimizados e adequados para atender os clientes com o m\u00e1ximo de agilidade.[\/vc_column_text][\/vc_column][\/vc_row][vc_row equal_height=&#8221;yes&#8221;][vc_column width=&#8221;1\/3&#8243;][vc_column_text el_class=&#8221;header-text&#8221;]O que voc\u00ea precisa? Vamos te entregar.[\/vc_column_text][vc_column_text css=&#8221;.vc_custom_1588283915502{padding-top: 15px !important;padding-right: 15px !important;padding-bottom: 15px !important;padding-left: 15px !important;}&#8221; el_class=&#8221;content-text&#8221;]A expertise do nosso time, aliada \u00e0 din\u00e2mica das unidades de fabrica\u00e7\u00e3o, nos possibilita criar produtos e servi\u00e7os personalizados, com foco em extrair a melhor performance da sua empresa.<\/p>\n<p>&nbsp;<\/p>\n<p>Conte-nos suas necessidades e saia totalmente satisfeito[\/vc_column_text][\/vc_column][vc_column width=&#8221;2\/3&#8243;][vc_single_image image=&#8221;205&#8243; img_size=&#8221;full&#8221; alignment=&#8221;center&#8221; lazy_loading=&#8221;true&#8221;][\/vc_column][\/vc_row][vc_row equal_height=&#8221;yes&#8221; content_placement=&#8221;middle&#8221;][vc_column width=&#8221;1\/3&#8243;][vc_column_text el_class=&#8221;content-text&#8221;]A Tecnoar utiliza mordenos conceitos de combate a corros\u00e3o e aplica\u00e7\u00e3o de processos com utiliza\u00e7\u00e3o de revestimentos e abrasivos que aumentam a vida \u00fatil dos ativos, sempre com especial cuidado e respeito ao meio ambiente.[\/vc_column_text][\/vc_column][vc_column width=&#8221;2\/3&#8243;][vc_single_image image=&#8221;113&#8243; img_size=&#8221;full&#8221; alignment=&#8221;center&#8221; lazy_loading=&#8221;true&#8221;][\/vc_column][\/vc_row]<\/p>\n","protected":false},"excerpt":{"rendered":"<p>[vc_row full_width=&#8221;stretch_row&#8221; bg_type=&#8221;image&#8221; parallax_style=&#8221;vcpb-default&#8221; bg_image_new=&#8221;id^116|url^https:\/\/hipertecnoar.com.br\/wp-content\/uploads\/2020\/04\/quem-somos-bg.jpg|caption^null|alt^null|title^quem-somos-bg|description^null&#8221; bg_image_repeat=&#8221;no-repeat&#8221;][vc_column width=&#8221;1\/6&#8243;][\/vc_column][vc_column width=&#8221;4\/6&#8243;][vc_single_image image=&#8221;214&#8243; img_size=&#8221;full&#8221; alignment=&#8221;center&#8221; lazy_loading=&#8221;true&#8221;][vc_column_text el_class=&#8221;banner-text&#8221; css=&#8221;.vc_custom_1589481916411{padding-bottom: 50px !important;}&#8221;]A Tecnoar atua h\u00e1 mais de 20 anos na fabrica\u00e7\u00e3o de Spools, Suportes e tamb\u00e9m no mercado de Loca\u00e7\u00e3o de Equipamentos Industriais. Conta com uma equipe altamente qualificada e especializada, tamb\u00e9m possui uma grande estrutura equipada com maquin\u00e1rio sofisticado, de&hellip;<\/p>\n","protected":false},"author":1,"featured_media":0,"parent":0,"menu_order":0,"comment_status":"closed","ping_status":"closed","template":"","meta":[],"class_list":["post-14","page","type-page","status-publish","hentry","description-off"],"_links":{"self":[{"href":"https:\/\/hipertecnoar.com.br\/index.php?rest_route=\/wp\/v2\/pages\/14","targetHints":{"allow":["GET"]}}],"collection":[{"href":"https:\/\/hipertecnoar.com.br\/index.php?rest_route=\/wp\/v2\/pages"}],"about":[{"href":"https:\/\/hipertecnoar.com.br\/index.php?rest_route=\/wp\/v2\/types\/page"}],"author":[{"embeddable":true,"href":"https:\/\/hipertecnoar.com.br\/index.php?rest_route=\/wp\/v2\/users\/1"}],"replies":[{"embeddable":true,"href":"https:\/\/hipertecnoar.com.br\/index.php?rest_route=%2Fwp%2Fv2%2Fcomments&post=14"}],"version-history":[{"count":0,"href":"https:\/\/hipertecnoar.com.br\/index.php?rest_route=\/wp\/v2\/pages\/14\/revisions"}],"wp:attachment":[{"href":"https:\/\/hipertecnoar.com.br\/index.php?rest_route=%2Fwp%2Fv2%2Fmedia&parent=14"}],"curies":[{"name":"wp","href":"https:\/\/api.w.org\/{rel}","templated":true}]}}