{"id":16,"date":"2020-04-24T11:43:59","date_gmt":"2020-04-24T11:43:59","guid":{"rendered":"https:\/\/hipertecnoar.com.br\/?page_id=16"},"modified":"2020-05-19T00:38:23","modified_gmt":"2020-05-19T00:38:23","slug":"servicos","status":"publish","type":"page","link":"https:\/\/hipertecnoar.com.br\/?page_id=16","title":{"rendered":"Servi\u00e7os"},"content":{"rendered":"<p>[vc_row][vc_column][vc_column_text el_class=&#8221;header-text&#8221;]<\/p>\n<h1 style=\"text-align: center;\"><strong>SERVI\u00c7OS:<\/strong><\/h1>\n<p>[\/vc_column_text][vc_separator color=&#8221;blue&#8221; border_width=&#8221;4&#8243; el_width=&#8221;20&#8243; css=&#8221;.vc_custom_1588272704595{margin-top: -30px !important;}&#8221;][\/vc_column][\/vc_row][vc_row full_width=&#8221;stretch_row&#8221; equal_height=&#8221;yes&#8221; content_placement=&#8221;middle&#8221; bg_type=&#8221;bg_color&#8221; bg_color_value=&#8221;#1e73be&#8221; css=&#8221;.vc_custom_1588291733197{margin-top: 30px !important;margin-bottom: 100px !important;}&#8221;][vc_column width=&#8221;1\/3&#8243;][vc_column_text el_class=&#8221;nav-linkers&#8221;]<\/p>\n<p style=\"text-align: center;\"><a href=\"#servicos\">Fabrica\u00e7\u00e3o de Spools, Suportes e Estruturas<\/a><\/p>\n<p>[\/vc_column_text][\/vc_column][vc_column width=&#8221;1\/3&#8243;][vc_column_text el_class=&#8221;nav-linkers&#8221;]<\/p>\n<p style=\"text-align: center;\"><a href=\"#tubulacoes\">Pintura Industrial<\/a><\/p>\n<p>[\/vc_column_text][\/vc_column][vc_column width=&#8221;1\/3&#8243;][vc_column_text el_class=&#8221;nav-linkers&#8221;]<\/p>\n<p style=\"text-align: center;\"><a href=\"#locacao\">Loca\u00e7\u00e3o de Equipamentos<\/a><\/p>\n<p>[\/vc_column_text][\/vc_column][\/vc_row][vc_row full_width=&#8221;stretch_row&#8221; el_id=&#8221;servicos&#8221; el_class=&#8221;headings-section&#8221; css=&#8221;.vc_custom_1588291953203{padding-top: 20px !important;padding-bottom: 20px !important;background-color: #e7e7e7 !important;}&#8221;][vc_column][vc_column_text css=&#8221;.vc_custom_1589485113104{background-color: #e7e7e7 !important;}&#8221; el_class=&#8221;section-header&#8221;]\u00bb Fabrica\u00e7\u00e3o de Spools, Suportes e Estruturas[\/vc_column_text][vc_column_text el_class=&#8221;.section-text&#8221;]Fabricamos Spools e Suportes para os mais diversos segmentos do mercado, nossa experi\u00eancia em obras industriais nos permite entregar projetos customizados de acordo com as necessidades do cliente.<\/p>\n<p>&nbsp;<\/p>\n<p>Produtos robustos capazes de performar em ambientes agressivos e aplica\u00e7\u00f5es que garantem confiabilidade, seguran\u00e7a e alto desempenho. Conhe\u00e7a nossas solu\u00e7\u00f5es para fabrica\u00e7\u00e3o e montagem industrial.[\/vc_column_text][\/vc_column][\/vc_row][vc_row equal_height=&#8221;yes&#8221; content_placement=&#8221;middle&#8221;][vc_column width=&#8221;1\/3&#8243;][vc_column_text el_class=&#8221;content-header&#8221;]\u00bb Tubula\u00e7\u00f5es[\/vc_column_text][vc_column_text el_class=&#8221;content-text&#8221;]Contamos com profissionais e ferramental qualificados para fabrica\u00e7\u00e3o de tubula\u00e7\u00e3o (Spools), tubos, dutos, conex\u00f5es e flanges para as mais diversas aplica\u00e7\u00f5es da ind\u00fastria.[\/vc_column_text][\/vc_column][vc_column width=&#8221;1\/3&#8243;][vc_single_image image=&#8221;146&#8243; img_size=&#8221;full&#8221; alignment=&#8221;center&#8221;][\/vc_column][vc_column width=&#8221;1\/3&#8243;][vc_single_image image=&#8221;147&#8243; img_size=&#8221;full&#8221; alignment=&#8221;center&#8221;][\/vc_column][\/vc_row][vc_row equal_height=&#8221;yes&#8221; content_placement=&#8221;middle&#8221;][vc_column width=&#8221;1\/3&#8243;][vc_column_text el_class=&#8221;content-header&#8221;]\u00bb Oxicorte[\/vc_column_text][vc_column_text el_class=&#8221;content-text&#8221;]Servi\u00e7os de corte com qualidade e seguran\u00e7a. A excel\u00eancia na precis\u00e3o dimensional e acabamento s\u00e3o obtidos em todos os produtos (rolos, blanks, tiras e chapas) por meio de equipamento especializado.[\/vc_column_text][\/vc_column][vc_column width=&#8221;1\/3&#8243;][vc_single_image image=&#8221;148&#8243; img_size=&#8221;full&#8221; alignment=&#8221;center&#8221;][\/vc_column][vc_column width=&#8221;1\/3&#8243;][\/vc_column][\/vc_row][vc_row equal_height=&#8221;yes&#8221; content_placement=&#8221;middle&#8221;][vc_column width=&#8221;1\/3&#8243;][vc_column_text el_class=&#8221;content-header&#8221;]\u00bb Projetos Industriais[\/vc_column_text][vc_column_text el_class=&#8221;content-text&#8221;]Tamb\u00e9m temos capacidade e excel\u00eancia para atender projetos espec\u00edficos, j\u00e1 constru\u00edmos: Chumbadores, Vigas, Treli\u00e7as, Escadarias, Passarelas, Lan\u00e7a para Guindaste, Plataformas, Esteiras de transporte, entre outros.[\/vc_column_text][\/vc_column][vc_column width=&#8221;1\/3&#8243;][vc_single_image image=&#8221;149&#8243; img_size=&#8221;full&#8221; alignment=&#8221;center&#8221;][\/vc_column][vc_column width=&#8221;1\/3&#8243;][vc_single_image image=&#8221;150&#8243; img_size=&#8221;full&#8221; alignment=&#8221;center&#8221;][\/vc_column][\/vc_row][vc_row full_width=&#8221;stretch_row&#8221; css=&#8221;.vc_custom_1588292203464{padding-top: 20px !important;padding-bottom: 20px !important;background-color: #e7e7e7 !important;}&#8221; el_id=&#8221;tubulacoes&#8221;][vc_column][vc_column_text el_class=&#8221;section-header&#8221;]\u00bb Pinturas Industriais[\/vc_column_text][vc_column_text el_class=&#8221;section-text&#8221; css=&#8221;.vc_custom_1588288985556{padding-bottom: 20px !important;}&#8221;]Mesmo nos ambientes mais severos, a pintura \u00e9 essencial nas estruturas met\u00e1licas, m\u00e1quinas e equipamentos, nossos processos t\u00eam capacidade de garantir a perfeita aplica\u00e7\u00e3o combinado com o alto n\u00edvel de qualidade. Prestamos um atendimento personalizado de acordo com sua necessidade.[\/vc_column_text][\/vc_column][\/vc_row][vc_row equal_height=&#8221;yes&#8221; content_placement=&#8221;middle&#8221;][vc_column width=&#8221;1\/3&#8243;][vc_column_text el_class=&#8221;content-header&#8221;]\u00bb Prepara\u00e7\u00e3o de Superf\u00edcies[\/vc_column_text][vc_column_text el_class=&#8221;content-text&#8221;]A prepara\u00e7\u00e3o de superf\u00edcie consiste numa sequ\u00eancia de etapas para que a pintura final esteja com qualidade satisfat\u00f3ria. Al\u00e9m de contar com estrutura e maquin\u00e1rio adequado para um excelente atendimento, nosso time tem experi\u00eancia e faz isso com alta qualidade.[\/vc_column_text][\/vc_column][vc_column width=&#8221;1\/3&#8243;][vc_single_image image=&#8221;151&#8243; img_size=&#8221;full&#8221; alignment=&#8221;center&#8221;][\/vc_column][vc_column width=&#8221;1\/3&#8243;][vc_single_image image=&#8221;152&#8243; img_size=&#8221;full&#8221; alignment=&#8221;center&#8221;][\/vc_column][\/vc_row][vc_row equal_height=&#8221;yes&#8221; content_placement=&#8221;middle&#8221;][vc_column width=&#8221;1\/3&#8243;][vc_column_text el_class=&#8221;content-header&#8221;]\u00bb Revestimentos[\/vc_column_text][vc_column_text el_class=&#8221;content-text&#8221;]Realizamos a aplica\u00e7\u00e3o de produtos e revestimentos para atender, com excel\u00eancia, cada especifica\u00e7\u00e3o, independente do segmento industrial. Oferecemos a flexibilidade para atender as necessidades de cada projeto com o produto ideal.[\/vc_column_text][\/vc_column][vc_column width=&#8221;1\/3&#8243;][vc_single_image image=&#8221;153&#8243; img_size=&#8221;full&#8221; alignment=&#8221;center&#8221;][\/vc_column][vc_column width=&#8221;1\/3&#8243;][vc_single_image image=&#8221;154&#8243; img_size=&#8221;full&#8221; alignment=&#8221;center&#8221;][\/vc_column][\/vc_row][vc_row equal_height=&#8221;yes&#8221; content_placement=&#8221;middle&#8221;][vc_column width=&#8221;1\/3&#8243;][vc_column_text el_class=&#8221;content-header&#8221;]\u00bb Pintura Ep\u00f3xi L\u00edquido[\/vc_column_text][vc_column_text el_class=&#8221;content-text&#8221;]Contamos com um time qualificado e com a experi\u00eancia necess\u00e1ria para a realiza\u00e7\u00e3o de sua pintura. Realizamos a aplica\u00e7\u00e3o aliada com a melhor pr\u00e1tica de tratamento de superf\u00edcie, proporcionando efici\u00eancia do esquema de pintura, qualidade e durabilidade.[\/vc_column_text][\/vc_column][vc_column width=&#8221;1\/3&#8243;][vc_single_image image=&#8221;155&#8243; img_size=&#8221;full&#8221; alignment=&#8221;center&#8221;][\/vc_column][vc_column width=&#8221;1\/3&#8243;][vc_single_image image=&#8221;156&#8243; img_size=&#8221;full&#8221; alignment=&#8221;center&#8221;][\/vc_column][\/vc_row][vc_row full_width=&#8221;stretch_row&#8221; el_class=&#8221;headings-section&#8221; css=&#8221;.vc_custom_1588292158894{padding-top: 20px !important;padding-bottom: 20px !important;background-color: #e7e7e7 !important;}&#8221; el_id=&#8221;locacao&#8221;][vc_column][vc_column_text el_class=&#8221;section-header&#8221;]\u00bb Loca\u00e7\u00e3o de Equipamentos[\/vc_column_text][vc_column_text el_class=&#8221;section-text&#8221;]N\u00f3s temos a solu\u00e7\u00e3o ideal para o seu neg\u00f3cio! A Tecnoar possui o know-how necess\u00e1rio para fornecer produtos e servi\u00e7os para as mais variadas demanadas do mercado industrial.<\/p>\n<p>Conhe\u00e7a nossas solu\u00e7\u00f5es para uso imediato, capazes de garantir a opera\u00e7\u00e3o e o desenvolvimento de plantas e ind\u00fastrias e obras, potencializando o desempenho do seu neg\u00f3cio.[\/vc_column_text][\/vc_column][\/vc_row][vc_row equal_height=&#8221;yes&#8221; content_placement=&#8221;middle&#8221;][vc_column width=&#8221;1\/3&#8243;][vc_column_text el_class=&#8221;content-header&#8221;]\u00bb Compressores[\/vc_column_text][vc_column_text el_class=&#8221;content-text&#8221;]O aluguel de compressores \u00e9 uma solu\u00e7\u00e3o r\u00e1pida e economicamente vi\u00e1vel para os mercados de constru\u00e7\u00e3o civil, petr\u00f3leo e g\u00e1s, ind\u00fastria e diversos outros segmentos. Disponibilizamos para loca\u00e7\u00e3o, compressores movidos \u00e0 combust\u00e3o (diesel) ou eletricidade.[\/vc_column_text][\/vc_column][vc_column width=&#8221;1\/3&#8243;][vc_single_image image=&#8221;140&#8243; img_size=&#8221;full&#8221; alignment=&#8221;center&#8221; lazy_loading=&#8221;true&#8221;][\/vc_column][vc_column width=&#8221;1\/3&#8243;][vc_single_image image=&#8221;141&#8243; img_size=&#8221;full&#8221; alignment=&#8221;center&#8221; lazy_loading=&#8221;true&#8221;][\/vc_column][\/vc_row][vc_row equal_height=&#8221;yes&#8221; content_placement=&#8221;middle&#8221;][vc_column width=&#8221;1\/3&#8243;][vc_column_text el_class=&#8221;content-header&#8221;]\u00bb Geradores de Energia[\/vc_column_text][vc_column_text el_class=&#8221;content-text&#8221;]Ind\u00fastrias, com\u00e9rcios, hospitais e empresas t\u00eam optado pela loca\u00e7\u00e3o de geradores de energia. Na Tecnoar voc\u00ea encontra geradores com capacidades variadas, suprindo as mais diversas necessidades. Disponibilizamos diferentes modelos para loca\u00e7\u00e3o.[\/vc_column_text][\/vc_column][vc_column width=&#8221;1\/3&#8243;][vc_single_image image=&#8221;142&#8243; img_size=&#8221;full&#8221; alignment=&#8221;center&#8221;][\/vc_column][vc_column width=&#8221;1\/3&#8243;][\/vc_column][\/vc_row][vc_row equal_height=&#8221;yes&#8221; content_placement=&#8221;middle&#8221;][vc_column width=&#8221;1\/3&#8243;][vc_column_text el_class=&#8221;content-header&#8221;]\u00bb Torres Aut\u00f4nomas para Ilumina\u00e7\u00e3o[\/vc_column_text][vc_column_text el_class=&#8221;content-text&#8221;]Ilumina\u00e7\u00e3o ineficiente \u00e9 sin\u00f4nimo de preju\u00edzo, a loca\u00e7\u00e3o de torres de ilumina\u00e7\u00e3o \u00e9 a melhor forma de trabalhar. As torres permitem ampliar o campo visual em centenas de vezes, reduzindo o \u00edndice de erros e de retrabalho. Perfeitas para atividades em lugares onde a rede el\u00e9trica \u00e9 inexistente, como trabalhos em campo aberto, por exemplo.[\/vc_column_text][\/vc_column][vc_column width=&#8221;1\/3&#8243;][vc_single_image image=&#8221;143&#8243; img_size=&#8221;full&#8221; alignment=&#8221;center&#8221;][\/vc_column][vc_column width=&#8221;1\/3&#8243;][\/vc_column][\/vc_row][vc_row equal_height=&#8221;yes&#8221; content_placement=&#8221;middle&#8221;][vc_column width=&#8221;1\/3&#8243;][vc_column_text el_class=&#8221;content-header&#8221;]\u00bb Marteletes para Concreto (Rompedores)[\/vc_column_text][vc_column_text el_class=&#8221;content-text&#8221;]Potentes e f\u00e1cil de operar, os marteletes dispon\u00edveis para loca\u00e7\u00e3o garantem alta produtividade para as tarefas mais dif\u00edceis ou at\u00e9 mesmo servi\u00e7os mais leves.[\/vc_column_text][\/vc_column][vc_column width=&#8221;1\/3&#8243;][vc_single_image image=&#8221;144&#8243; img_size=&#8221;full&#8221; alignment=&#8221;center&#8221;][\/vc_column][vc_column width=&#8221;1\/3&#8243;][\/vc_column][\/vc_row][vc_row equal_height=&#8221;yes&#8221; content_placement=&#8221;middle&#8221;][vc_column width=&#8221;1\/3&#8243;][vc_column_text el_class=&#8221;content-header&#8221;]\u00bb M\u00e1quinas para Jateamento Abrasivo[\/vc_column_text][vc_column_text el_class=&#8221;content-text&#8221;]Oferecemos a solu\u00e7\u00e3o completa para jateamento. Loca\u00e7\u00e3o de m\u00e1quinas, componentes, acess\u00f3rios e pe\u00e7as.[\/vc_column_text][\/vc_column][vc_column width=&#8221;1\/3&#8243;][vc_single_image image=&#8221;145&#8243; img_size=&#8221;full&#8221; alignment=&#8221;center&#8221;][\/vc_column][vc_column width=&#8221;1\/3&#8243;][\/vc_column][\/vc_row]<\/p>\n","protected":false},"excerpt":{"rendered":"<p>[vc_row][vc_column][vc_column_text el_class=&#8221;header-text&#8221;] SERVI\u00c7OS: [\/vc_column_text][vc_separator color=&#8221;blue&#8221; border_width=&#8221;4&#8243; el_width=&#8221;20&#8243; css=&#8221;.vc_custom_1588272704595{margin-top: -30px !important;}&#8221;][\/vc_column][\/vc_row][vc_row full_width=&#8221;stretch_row&#8221; equal_height=&#8221;yes&#8221; content_placement=&#8221;middle&#8221; bg_type=&#8221;bg_color&#8221; bg_color_value=&#8221;#1e73be&#8221; css=&#8221;.vc_custom_1588291733197{margin-top: 30px !important;margin-bottom: 100px !important;}&#8221;][vc_column width=&#8221;1\/3&#8243;][vc_column_text el_class=&#8221;nav-linkers&#8221;] Fabrica\u00e7\u00e3o de Spools, Suportes e Estruturas [\/vc_column_text][\/vc_column][vc_column width=&#8221;1\/3&#8243;][vc_column_text el_class=&#8221;nav-linkers&#8221;] Pintura Industrial [\/vc_column_text][\/vc_column][vc_column width=&#8221;1\/3&#8243;][vc_column_text el_class=&#8221;nav-linkers&#8221;] Loca\u00e7\u00e3o de Equipamentos [\/vc_column_text][\/vc_column][\/vc_row][vc_row full_width=&#8221;stretch_row&#8221; el_id=&#8221;servicos&#8221; el_class=&#8221;headings-section&#8221; css=&#8221;.vc_custom_1588291953203{padding-top: 20px !important;padding-bottom: 20px !important;background-color: #e7e7e7 !important;}&#8221;][vc_column][vc_column_text css=&#8221;.vc_custom_1589485113104{background-color: #e7e7e7 !important;}&#8221; el_class=&#8221;section-header&#8221;]\u00bb Fabrica\u00e7\u00e3o&hellip;<\/p>\n","protected":false},"author":1,"featured_media":0,"parent":0,"menu_order":0,"comment_status":"closed","ping_status":"closed","template":"","meta":[],"class_list":["post-16","page","type-page","status-publish","hentry","description-off"],"_links":{"self":[{"href":"https:\/\/hipertecnoar.com.br\/index.php?rest_route=\/wp\/v2\/pages\/16","targetHints":{"allow":["GET"]}}],"collection":[{"href":"https:\/\/hipertecnoar.com.br\/index.php?rest_route=\/wp\/v2\/pages"}],"about":[{"href":"https:\/\/hipertecnoar.com.br\/index.php?rest_route=\/wp\/v2\/types\/page"}],"author":[{"embeddable":true,"href":"https:\/\/hipertecnoar.com.br\/index.php?rest_route=\/wp\/v2\/users\/1"}],"replies":[{"embeddable":true,"href":"https:\/\/hipertecnoar.com.br\/index.php?rest_route=%2Fwp%2Fv2%2Fcomments&post=16"}],"version-history":[{"count":0,"href":"https:\/\/hipertecnoar.com.br\/index.php?rest_route=\/wp\/v2\/pages\/16\/revisions"}],"wp:attachment":[{"href":"https:\/\/hipertecnoar.com.br\/index.php?rest_route=%2Fwp%2Fv2%2Fmedia&parent=16"}],"curies":[{"name":"wp","href":"https:\/\/api.w.org\/{rel}","templated":true}]}}