{"id":2,"date":"2020-04-24T10:27:13","date_gmt":"2020-04-24T10:27:13","guid":{"rendered":"https:\/\/wp11\/cgi\/addon_GT.cgi?s=GT::WP::Install::EIG+%28woozdigi%29+-+10.0.87.67+%5BWordPress%3b+\/var\/hp\/common\/lib\/WordPress.pm%3b+295%3b+Hosting::gap_call%5D\/?page_id=2"},"modified":"2020-05-19T00:36:17","modified_gmt":"2020-05-19T00:36:17","slug":"home","status":"publish","type":"page","link":"https:\/\/hipertecnoar.com.br\/","title":{"rendered":"Home"},"content":{"rendered":"<p>[vc_row][vc_column][vc_column_text]<\/p>\n<h1 style=\"text-align: center; margin: 0 auto; display: table; border-bottom: solid 5px #5978a8; padding-bottom: 5px;\">SERVI\u00c7OS<\/h1>\n<p>[\/vc_column_text]<div class=\"ult-spacer spacer-69d19c4bd630e\" data-id=\"69d19c4bd630e\" data-height=\"30\" data-height-mobile=\"30\" data-height-tab=\"30\" data-height-tab-portrait=\"\" data-height-mobile-landscape=\"\" style=\"clear:both;display:block;\"><\/div>[\/vc_column][\/vc_row][vc_row equal_height=&#8221;yes&#8221;][vc_column width=&#8221;1\/3&#8243;][vc_single_image image=&#8221;210&#8243; img_size=&#8221;full&#8221; onclick=&#8221;custom_link&#8221; lazy_loading=&#8221;true&#8221; link=&#8221;#&#8221;][vc_column_text]<\/p>\n<h4>Loca\u00e7\u00e3o de Equipamentos<\/h4>\n<p>Temos um portf\u00f3lio de solu\u00e7\u00f5es para uso imediato, capaz de garantir a opera\u00e7\u00e3o e o desenvolvimento de plantas de ind\u00fastrias e obras, sem colocar em risco o bem-estar dos trabalhadores.[\/vc_column_text][\/vc_column][vc_column width=&#8221;1\/3&#8243;][vc_single_image image=&#8221;211&#8243; img_size=&#8221;full&#8221; onclick=&#8221;custom_link&#8221; lazy_loading=&#8221;true&#8221; link=&#8221;#&#8221;][vc_column_text]<\/p>\n<h4>Fabrica\u00e7\u00e3o de Spools, Suportes e Estruturas<\/h4>\n<p><span style=\"font-weight: 400;\">Fabricamos Spools, tubos, dutos, conex\u00f5es e flanges para as mais diversas aplica\u00e7\u00f5es da ind\u00fastria. Nossa experi\u00eancia nos permite entregar itens customizados de acordo com as necessidades do cliente.<\/span>[\/vc_column_text][\/vc_column][vc_column width=&#8221;1\/3&#8243;][vc_single_image image=&#8221;212&#8243; img_size=&#8221;full&#8221; onclick=&#8221;custom_link&#8221; lazy_loading=&#8221;true&#8221; link=&#8221;#&#8221;][vc_column_text]<\/p>\n<h4>Pintura Industrial<\/h4>\n<p><span style=\"font-weight: 400;\">Contamos com um time qualificado e com a experi\u00eancia necess\u00e1ria para a realiza\u00e7\u00e3o de sua pintura. Realizamos a aplica\u00e7\u00e3o aliada com a melhor pr\u00e1tica de tratamento de superf\u00edcie, proporcionando efici\u00eancia do esquema de pintura, qualidade e durabilidade.<\/span>[\/vc_column_text][\/vc_column][\/vc_row][vc_row][vc_column]<div class=\" ubtn-ctn-center \"><a class=\"ubtn-link ult-adjust-bottom-margin ubtn-center ubtn-normal \" href=\"https:\/\/hipertecnoar.com.br\/?page_id=16\" title=\"Servi\u00e7os\" ><button type=\"button\" id=\"ubtn-6968\"  class=\"ubtn ult-adjust-bottom-margin ult-responsive ubtn-normal ubtn-no-hover-bg  none  ubtn-center   tooltip-69d19c4bd6345\"  data-hover=\"\" data-border-color=\"\" data-bg=\"#3b6097\" data-hover-bg=\"\" data-border-hover=\"\" data-shadow-hover=\"\" data-shadow-click=\"none\" data-shadow=\"\" data-shd-shadow=\"\"  data-ultimate-target='#ubtn-6968'  data-responsive-json-new='{\"font-size\":\"\",\"line-height\":\"\"}'  style=\"font-weight:normal;border:none;background: #3b6097;color: #ffffff;\"><span class=\"ubtn-hover\" style=\"background-color:\"><\/span><span class=\"ubtn-data ubtn-text \" >veja todos os servi\u00e7os<\/span><\/button><\/a><\/div><div class=\"ult-spacer spacer-69d19c4bd6436\" data-id=\"69d19c4bd6436\" data-height=\"50\" data-height-mobile=\"50\" data-height-tab=\"50\" data-height-tab-portrait=\"\" data-height-mobile-landscape=\"\" style=\"clear:both;display:block;\"><\/div>[\/vc_column][\/vc_row][vc_row full_width=&#8221;stretch_row&#8221; content_placement=&#8221;middle&#8221; bg_type=&#8221;bg_color&#8221; bg_color_value=&#8221;#ffffff&#8221;][vc_column][vc_column_text]<\/p>\n<h1 style=\"text-align: center; margin: 0 auto; display: table; border-bottom: solid 5px #5978a8; padding-bottom: 5px;\">NOSSOS CLIENTES:<\/h1>\n<p>[\/vc_column_text]<div class=\"ult-spacer spacer-69d19c4bd6446\" data-id=\"69d19c4bd6446\" data-height=\"30\" data-height-mobile=\"30\" data-height-tab=\"30\" data-height-tab-portrait=\"\" data-height-mobile-landscape=\"\" style=\"clear:both;display:block;\"><\/div><div id=\"ult-carousel-318650905069d19c4bd65ca\" class=\"ult-carousel-wrapper   ult_horizontal\" data-gutter=\"15\" data-rtl=\"false\" ><div class=\"ult-carousel-415556001669d19c4bd6482 \" >[vc_single_image image=&#8221;243&#8243; img_size=&#8221;800&#215;600&#8243; alignment=&#8221;center&#8221; lazy_loading=&#8221;true&#8221;][vc_single_image image=&#8221;244&#8243; img_size=&#8221;800&#215;600&#8243; alignment=&#8221;center&#8221; lazy_loading=&#8221;true&#8221;][vc_single_image image=&#8221;245&#8243; img_size=&#8221;800&#215;600&#8243; alignment=&#8221;center&#8221;][vc_single_image image=&#8221;247&#8243; img_size=&#8221;800&#215;600&#8243; alignment=&#8221;center&#8221;][vc_single_image image=&#8221;248&#8243; img_size=&#8221;800&#215;600&#8243; alignment=&#8221;center&#8221;][vc_single_image image=&#8221;249&#8243; img_size=&#8221;800&#215;600&#8243; alignment=&#8221;center&#8221; lazy_loading=&#8221;true&#8221;][vc_single_image image=&#8221;250&#8243; img_size=&#8221;800&#215;600&#8243; alignment=&#8221;center&#8221; lazy_loading=&#8221;true&#8221;]<\/div><\/div>\t\t\t<script type=\"text\/javascript\">\n\t\t\t\tjQuery(document).ready(function ($) {\n\t\t\t\t\tif( typeof jQuery('.ult-carousel-415556001669d19c4bd6482').slick == \"function\"){\n\t\t\t\t\t\t$('.ult-carousel-415556001669d19c4bd6482').slick({dots: false,autoplay: true,autoplaySpeed: 2000,speed: 300,infinite: true,arrows: true,nextArrow: '<button type=\"button\" role=\"button\" aria-label=\"Next\" style=\"color:#3b6097; font-size:20px;\" class=\"slick-next default\"><i class=\"ultsl-arrow-right4\"><\/i><\/button>',prevArrow: '<button type=\"button\" role=\"button\" aria-label=\"Previous\" style=\"color:#3b6097; font-size:20px;\" class=\"slick-prev default\"><i class=\"ultsl-arrow-left4\"><\/i><\/button>',slidesToScroll:1,slidesToShow:4,swipe: true,draggable: true,touchMove: true,pauseOnHover: true,pauseOnFocus: false,responsive: [\n\t\t\t\t\t\t\t{\n\t\t\t\t\t\t\t  breakpoint: 1026,\n\t\t\t\t\t\t\t  settings: {\n\t\t\t\t\t\t\t\tslidesToShow: 4,\n\t\t\t\t\t\t\t\tslidesToScroll: 1,  \n\t\t\t\t\t\t\t  }\n\t\t\t\t\t\t\t},\n\t\t\t\t\t\t\t{\n\t\t\t\t\t\t\t  breakpoint: 1025,\n\t\t\t\t\t\t\t  settings: {\n\t\t\t\t\t\t\t\tslidesToShow: 3,\n\t\t\t\t\t\t\t\tslidesToScroll: 1\n\t\t\t\t\t\t\t  }\n\t\t\t\t\t\t\t},\n\t\t\t\t\t\t\t{\n\t\t\t\t\t\t\t  breakpoint: 760,\n\t\t\t\t\t\t\t  settings: {\n\t\t\t\t\t\t\t\tslidesToShow: 2,\n\t\t\t\t\t\t\t\tslidesToScroll: 1\n\t\t\t\t\t\t\t  }\n\t\t\t\t\t\t\t}\n\t\t\t\t\t\t],pauseOnDotsHover: true,customPaging: function(slider, i) {\n                   return '<i type=\"button\" style= \"color:#333333;\" class=\"ultsl-record\" data-role=\"none\"><\/i>';\n                },});\n\t\t\t\t\t}\n\t\t\t\t});\n\t\t\t<\/script>\n\t\t\t[\/vc_column][\/vc_row][vc_row full_width=&#8221;stretch_row&#8221; bg_type=&#8221;image&#8221; parallax_style=&#8221;vcpb-default&#8221; bg_image_new=&#8221;id^56|url^https:\/\/hipertecnoar.com.br\/wp-content\/uploads\/2020\/04\/bg-social.jpg|caption^null|alt^null|title^bg-social|description^null&#8221; bg_image_repeat=&#8221;no-repeat&#8221; bg_image_posiiton=&#8221;center middle&#8221;][vc_column width=&#8221;1\/2&#8243;]<div class=\"ult-spacer spacer-69d19c4bd662c\" data-id=\"69d19c4bd662c\" data-height=\"50\" data-height-mobile=\"50\" data-height-tab=\"50\" data-height-tab-portrait=\"\" data-height-mobile-landscape=\"\" style=\"clear:both;display:block;\"><\/div>[vc_column_text]<\/p>\n<h1 style=\"text-align: center;\">No Facebook da Tecnoar:<\/h1>\n<p>[\/vc_column_text][vc_raw_html]JTNDZGl2JTIwY2xhc3MlM0QlMjJmYi1wYWdlJTIyJTIwZGF0YS1ocmVmJTNEJTIyaHR0cHMlM0ElMkYlMkZ3d3cuZmFjZWJvb2suY29tJTJGVGVjbm9hci5FbmclMkYlMjIlMjBkYXRhLXRhYnMlM0QlMjJ0aW1lbGluZSUyMiUyMGRhdGEtd2lkdGglM0QlMjI2ODAlMjIlMjBkYXRhLWhlaWdodCUzRCUyMjk2NSUyMiUyMGRhdGEtc21hbGwtaGVhZGVyJTNEJTIydHJ1ZSUyMiUyMGRhdGEtYWRhcHQtY29udGFpbmVyLXdpZHRoJTNEJTIydHJ1ZSUyMiUyMGRhdGEtaGlkZS1jb3ZlciUzRCUyMmZhbHNlJTIyJTIwZGF0YS1zaG93LWZhY2VwaWxlJTNEJTIydHJ1ZSUyMiUzRSUzQ2Jsb2NrcXVvdGUlMjBjaXRlJTNEJTIyaHR0cHMlM0ElMkYlMkZ3d3cuZmFjZWJvb2suY29tJTJGVGVjbm9hci5FbmclMkYlMjIlMjBjbGFzcyUzRCUyMmZiLXhmYm1sLXBhcnNlLWlnbm9yZSUyMiUzRSUzQ2ElMjBocmVmJTNEJTIyaHR0cHMlM0ElMkYlMkZ3d3cuZmFjZWJvb2suY29tJTJGVGVjbm9hci5FbmclMkYlMjIlM0VUZWNub2FyJTNDJTJGYSUzRSUzQyUyRmJsb2NrcXVvdGUlM0UlM0MlMkZkaXYlM0U=[\/vc_raw_html][vc_raw_js]JTNDZGl2JTIwaWQlM0QlMjJmYi1yb290JTIyJTNFJTNDJTJGZGl2JTNFJTBBJTNDc2NyaXB0JTIwYXN5bmMlMjBkZWZlciUyMGNyb3Nzb3JpZ2luJTNEJTIyYW5vbnltb3VzJTIyJTIwc3JjJTNEJTIyaHR0cHMlM0ElMkYlMkZjb25uZWN0LmZhY2Vib29rLm5ldCUyRnB0X0JSJTJGc2RrLmpzJTIzeGZibWwlM0QxJTI2dmVyc2lvbiUzRHY2LjAlMjIlM0UlM0MlMkZzY3JpcHQlM0U=[\/vc_raw_js]<div class=\"ult-spacer spacer-69d19c4bd663f\" data-id=\"69d19c4bd663f\" data-height=\"100\" data-height-mobile=\"100\" data-height-tab=\"100\" data-height-tab-portrait=\"\" data-height-mobile-landscape=\"\" style=\"clear:both;display:block;\"><\/div>[\/vc_column][vc_column width=&#8221;1\/2&#8243;]<div class=\"ult-spacer spacer-69d19c4bd664a\" data-id=\"69d19c4bd664a\" data-height=\"50\" data-height-mobile=\"50\" data-height-tab=\"50\" data-height-tab-portrait=\"\" data-height-mobile-landscape=\"\" style=\"clear:both;display:block;\"><\/div>[vc_column_text]<\/p>\n<h1 style=\"text-align: center;\">No Instagram da Tecnoar:<\/h1>\n<p>[\/vc_column_text]\n            <div \n                class=\"elfsight-widget-instagram-feed elfsight-widget\" \n                data-elfsight-instagram-feed-options=\"%7B%22source%22%3A%5B%22%40tecnoar.eng%22%5D%2C%22filterOnly%22%3A%5B%5D%2C%22filterExcept%22%3A%5B%5D%2C%22limit%22%3A15%2C%22order%22%3A%22date%22%2C%22layout%22%3A%22slider%22%2C%22postTemplate%22%3A%22tile%22%2C%22columns%22%3A3%2C%22rows%22%3A5%2C%22gutter%22%3A5%2C%22responsive%22%3A%5B%7B%22minWidth%22%3A375%2C%22columns%22%3A1%2C%22rows%22%3A1%2C%22gutter%22%3A%220%22%7D%2C%7B%22minWidth%22%3A768%2C%22columns%22%3A3%2C%22rows%22%3A2%2C%22gutter%22%3A%220%22%7D%5D%2C%22width%22%3A%22auto%22%2C%22callToActionButtons%22%3A%5B%7B%22postUrl%22%3A%22https%3A%5C%2F%5C%2Fwww.instagram.com%5C%2Fp%5C%2FBmr7eH0nyxQ%5C%2F%22%2C%22buttonLabel%22%3A%22Install%20Instagram%20Feed%20now%22%2C%22buttonLink%22%3A%22https%3A%5C%2F%5C%2Felfsight.com%5C%2Finstagram-feed-instashow%5C%2F%22%7D%2C%7B%22postUrl%22%3A%22https%3A%5C%2F%5C%2Fwww.instagram.com%5C%2Fp%5C%2FBmgZy5FnnQB%5C%2F%22%2C%22buttonLabel%22%3A%22Install%20Instagram%20Feed%20now%22%2C%22buttonLink%22%3A%22https%3A%5C%2F%5C%2Felfsight.com%5C%2Finstagram-feed-instashow%5C%2F%22%7D%2C%7B%22postUrl%22%3A%22https%3A%5C%2F%5C%2Fwww.instagram.com%5C%2Fp%5C%2FBmbbCfBndRU%5C%2F%22%2C%22buttonLabel%22%3A%22Install%20Instagram%20Feed%20now%22%2C%22buttonLink%22%3A%22https%3A%5C%2F%5C%2Felfsight.com%5C%2Finstagram-feed-instashow%5C%2F%22%7D%5D%2C%22postElements%22%3A%5B%22user%22%2C%22date%22%2C%22instagramLink%22%2C%22likesCount%22%2C%22commentsCount%22%2C%22share%22%2C%22text%22%5D%2C%22popupElements%22%3A%5B%22user%22%2C%22location%22%2C%22followButton%22%2C%22instagramLink%22%2C%22likesCount%22%2C%22share%22%2C%22text%22%2C%22comments%22%2C%22date%22%5D%2C%22imageClickAction%22%3A%22popup%22%2C%22sliderArrows%22%3Atrue%2C%22sliderDrag%22%3Atrue%2C%22sliderSpeed%22%3A0.6%2C%22sliderAutoplay%22%3A%22%22%2C%22colorScheme%22%3A%22default%22%2C%22colorPostOverlayBg%22%3A%22rgba%280%2C%200%2C%200%2C%200.8%29%22%2C%22colorPostOverlayText%22%3A%22rgb%28255%2C%20255%2C%20255%29%22%2C%22colorPostBg%22%3A%22rgb%28255%2C%20255%2C%20255%29%22%2C%22colorPostText%22%3A%22rgb%280%2C%200%2C%200%29%22%2C%22colorPostLinks%22%3A%22rgb%280%2C%2053%2C%20107%29%22%2C%22colorSliderArrows%22%3A%22rgb%28255%2C%20255%2C%20255%29%22%2C%22colorSliderArrowsBg%22%3A%22rgba%280%2C%200%2C%200%2C%200.9%29%22%2C%22colorGridLoadMoreButton%22%3A%22rgb%2856%2C%20151%2C%20240%29%22%2C%22colorPopupOverlay%22%3A%22rgba%2843%2C%2043%2C%2043%2C%200.9%29%22%2C%22colorPopupBg%22%3A%22rgb%28255%2C%20255%2C%20255%29%22%2C%22colorPopupText%22%3A%22rgb%280%2C%200%2C%200%29%22%2C%22colorPopupLinks%22%3A%22rgb%280%2C%2053%2C%20105%29%22%2C%22colorPopupFollowButton%22%3A%22rgb%2856%2C%20151%2C%20240%29%22%2C%22colorPopupCtaButton%22%3A%22rgb%2856%2C%20151%2C%20240%29%22%2C%22widgetTitle%22%3A%22%22%2C%22lang%22%3A%22pt-BR%22%2C%22apiUrl%22%3A%22https%3A%5C%2F%5C%2Fhipertecnoar.com.br%5C%2Fwp-admin%5C%2Fadmin-ajax.php%22%2C%22apiAction%22%3A%22elfsight_instagram_feed_api%22%2C%22widgetId%22%3A%221%22%7D\" \n                data-elfsight-instagram-feed-version=\"3.8.4\"\n                data-elfsight-widget-id=\"elfsight-instagram-feed-1\">\n            <\/div>\n            <div class=\"ult-spacer spacer-69d19c4bd6a89\" data-id=\"69d19c4bd6a89\" data-height=\"100\" data-height-mobile=\"100\" data-height-tab=\"100\" data-height-tab-portrait=\"\" data-height-mobile-landscape=\"\" style=\"clear:both;display:block;\"><\/div>[\/vc_column][\/vc_row][vc_row][vc_column]<div class=\"ult-spacer spacer-69d19c4bd6a99\" data-id=\"69d19c4bd6a99\" data-height=\"50\" data-height-mobile=\"50\" data-height-tab=\"50\" data-height-tab-portrait=\"\" data-height-mobile-landscape=\"\" style=\"clear:both;display:block;\"><\/div>[\/vc_column][\/vc_row]<\/p>\n","protected":false},"excerpt":{"rendered":"<p>[vc_row][vc_column][vc_column_text] SERVI\u00c7OS [\/vc_column_text][\/vc_column][\/vc_row][vc_row equal_height=&#8221;yes&#8221;][vc_column width=&#8221;1\/3&#8243;][vc_single_image image=&#8221;210&#8243; img_size=&#8221;full&#8221; onclick=&#8221;custom_link&#8221; lazy_loading=&#8221;true&#8221; link=&#8221;#&#8221;][vc_column_text] Loca\u00e7\u00e3o de Equipamentos Temos um portf\u00f3lio de solu\u00e7\u00f5es para uso imediato, capaz de garantir a opera\u00e7\u00e3o e o desenvolvimento de plantas de ind\u00fastrias e obras, sem colocar em risco o bem-estar dos trabalhadores.[\/vc_column_text][\/vc_column][vc_column width=&#8221;1\/3&#8243;][vc_single_image image=&#8221;211&#8243; img_size=&#8221;full&#8221; onclick=&#8221;custom_link&#8221; lazy_loading=&#8221;true&#8221; link=&#8221;#&#8221;][vc_column_text] Fabrica\u00e7\u00e3o de Spools, Suportes e Estruturas&hellip;<\/p>\n","protected":false},"author":1,"featured_media":0,"parent":0,"menu_order":0,"comment_status":"closed","ping_status":"closed","template":"","meta":[],"class_list":["post-2","page","type-page","status-publish","hentry","description-off"],"_links":{"self":[{"href":"https:\/\/hipertecnoar.com.br\/index.php?rest_route=\/wp\/v2\/pages\/2","targetHints":{"allow":["GET"]}}],"collection":[{"href":"https:\/\/hipertecnoar.com.br\/index.php?rest_route=\/wp\/v2\/pages"}],"about":[{"href":"https:\/\/hipertecnoar.com.br\/index.php?rest_route=\/wp\/v2\/types\/page"}],"author":[{"embeddable":true,"href":"https:\/\/hipertecnoar.com.br\/index.php?rest_route=\/wp\/v2\/users\/1"}],"replies":[{"embeddable":true,"href":"https:\/\/hipertecnoar.com.br\/index.php?rest_route=%2Fwp%2Fv2%2Fcomments&post=2"}],"version-history":[{"count":0,"href":"https:\/\/hipertecnoar.com.br\/index.php?rest_route=\/wp\/v2\/pages\/2\/revisions"}],"wp:attachment":[{"href":"https:\/\/hipertecnoar.com.br\/index.php?rest_route=%2Fwp%2Fv2%2Fmedia&parent=2"}],"curies":[{"name":"wp","href":"https:\/\/api.w.org\/{rel}","templated":true}]}}